{"id":10,"date":"2013-06-04T14:54:47","date_gmt":"2013-06-04T11:54:47","guid":{"rendered":"http:\/\/www.savitaipaleenkukkajahautaus.fi\/fi\/?page_id=10"},"modified":"2015-01-20T17:38:47","modified_gmt":"2015-01-20T15:38:47","slug":"pitopalvelut","status":"publish","type":"page","link":"http:\/\/www.savitaipaleenkukkajahautaus.fi\/fi\/?page_id=10","title":{"rendered":"Pitopalvelut"},"content":{"rendered":"<div>Paikkakunnalla on useita eri mahdollisuuksia j\u00e4rjest\u00e4\u00e4 muistotilaisuus. Neuvomme teille mielell\u00e4mme eri pitopalvelumahdollisuuksien paikat ja em\u00e4nn\u00e4t.<\/div>\n<p><br\/ ><br\/ ><br\/ ><br\/ ><\/p>\n","protected":false},"excerpt":{"rendered":"<p>Paikkakunnalla on useita eri mahdollisuuksia j\u00e4rjest\u00e4\u00e4 muistotilaisuus. Neuvomme teille mielell\u00e4mme eri pitopalvelumahdollisuuksien paikat ja em\u00e4nn\u00e4t.<\/p>\n","protected":false},"author":1,"featured_media":0,"parent":0,"menu_order":3,"comment_status":"closed","ping_status":"closed","template":"","meta":[],"_links":{"self":[{"href":"http:\/\/www.savitaipaleenkukkajahautaus.fi\/fi\/index.php?rest_route=\/wp\/v2\/pages\/10"}],"collection":[{"href":"http:\/\/www.savitaipaleenkukkajahautaus.fi\/fi\/index.php?rest_route=\/wp\/v2\/pages"}],"about":[{"href":"http:\/\/www.savitaipaleenkukkajahautaus.fi\/fi\/index.php?rest_route=\/wp\/v2\/types\/page"}],"author":[{"embeddable":true,"href":"http:\/\/www.savitaipaleenkukkajahautaus.fi\/fi\/index.php?rest_route=\/wp\/v2\/users\/1"}],"replies":[{"embeddable":true,"href":"http:\/\/www.savitaipaleenkukkajahautaus.fi\/fi\/index.php?rest_route=%2Fwp%2Fv2%2Fcomments&post=10"}],"version-history":[{"count":10,"href":"http:\/\/www.savitaipaleenkukkajahautaus.fi\/fi\/index.php?rest_route=\/wp\/v2\/pages\/10\/revisions"}],"predecessor-version":[{"id":204,"href":"http:\/\/www.savitaipaleenkukkajahautaus.fi\/fi\/index.php?rest_route=\/wp\/v2\/pages\/10\/revisions\/204"}],"wp:attachment":[{"href":"http:\/\/www.savitaipaleenkukkajahautaus.fi\/fi\/index.php?rest_route=%2Fwp%2Fv2%2Fmedia&parent=10"}],"curies":[{"name":"wp","href":"https:\/\/api.w.org\/{rel}","templated":true}]}}