{"id":7,"date":"2013-06-04T14:54:17","date_gmt":"2013-06-04T11:54:17","guid":{"rendered":"http:\/\/www.savitaipaleenkukkajahautaus.fi\/fi\/?page_id=7"},"modified":"2016-12-28T11:09:19","modified_gmt":"2016-12-28T09:09:19","slug":"yritys","status":"publish","type":"page","link":"http:\/\/www.savitaipaleenkukkajahautaus.fi\/fi\/","title":{"rendered":"Yritys"},"content":{"rendered":"<p>Savitaipaleen Kukka ja Hautaus Ky on toiminut perheyrityksen\u00e4 paikkakunnalla jo vuodesta 1960 ja nykyisess\u00e4 toimipaikassa. Savitaipaleen keskustassa vuodesta 1981. Pitk\u00e4 kokemuksemme takaa ammattimaiset palvelut el\u00e4m\u00e4n eri tilanteisiin.<\/p>\n<p>Yritys on Interfloran, Kukkakauppiasliiton, Suomen Yritt\u00e4jien ja Suomen Hautaustoimistojen liiton j\u00e4sen.Liikkeen valikoimiin kuuluvat leikkokukat, viherkasvit, somistusmateriaalit ja pienet lahjatavarat. Kev\u00e4\u00e4ll\u00e4 ja alkukes\u00e4ll\u00e4 myymme kes\u00e4kukkien taimia.<\/p>\n<p>Autamme mielell\u00e4mme teit\u00e4 kukkien hoitoa koskevissa asioissa.<\/p>\n<p>Erikoisuutena on mahdollisuus itsepalveluun. Myym\u00e4l\u00e4n ollessa suljettu tuulikaapista voi ostaa kukkia annettujen ohjeiden mukaan iltaisin klo 20.00 asti. Tilauksen voi my\u00f6s noutaa tuulikaapista, jos ei ehdi asioimaan liikkeen aukioloaikana.<\/p>\n","protected":false},"excerpt":{"rendered":"<p>Savitaipaleen Kukka ja Hautaus Ky on toiminut perheyrityksen\u00e4 paikkakunnalla jo vuodesta 1960 ja nykyisess\u00e4 toimipaikassa. Savitaipaleen keskustassa vuodesta 1981. Pitk\u00e4 kokemuksemme takaa ammattimaiset palvelut el\u00e4m\u00e4n eri tilanteisiin. Yritys on Interfloran, Kukkakauppiasliiton, Suomen Yritt\u00e4jien ja Suomen Hautaustoimistojen liiton j\u00e4sen.Liikkeen valikoimiin kuuluvat leikkokukat, viherkasvit, somistusmateriaalit ja pienet lahjatavarat. Kev\u00e4\u00e4ll\u00e4 ja alkukes\u00e4ll\u00e4 myymme kes\u00e4kukkien taimia. Autamme mielell\u00e4mme teit\u00e4&#8230;<\/p>\n","protected":false},"author":1,"featured_media":0,"parent":0,"menu_order":1,"comment_status":"closed","ping_status":"closed","template":"","meta":[],"_links":{"self":[{"href":"http:\/\/www.savitaipaleenkukkajahautaus.fi\/fi\/index.php?rest_route=\/wp\/v2\/pages\/7"}],"collection":[{"href":"http:\/\/www.savitaipaleenkukkajahautaus.fi\/fi\/index.php?rest_route=\/wp\/v2\/pages"}],"about":[{"href":"http:\/\/www.savitaipaleenkukkajahautaus.fi\/fi\/index.php?rest_route=\/wp\/v2\/types\/page"}],"author":[{"embeddable":true,"href":"http:\/\/www.savitaipaleenkukkajahautaus.fi\/fi\/index.php?rest_route=\/wp\/v2\/users\/1"}],"replies":[{"embeddable":true,"href":"http:\/\/www.savitaipaleenkukkajahautaus.fi\/fi\/index.php?rest_route=%2Fwp%2Fv2%2Fcomments&post=7"}],"version-history":[{"count":23,"href":"http:\/\/www.savitaipaleenkukkajahautaus.fi\/fi\/index.php?rest_route=\/wp\/v2\/pages\/7\/revisions"}],"predecessor-version":[{"id":278,"href":"http:\/\/www.savitaipaleenkukkajahautaus.fi\/fi\/index.php?rest_route=\/wp\/v2\/pages\/7\/revisions\/278"}],"wp:attachment":[{"href":"http:\/\/www.savitaipaleenkukkajahautaus.fi\/fi\/index.php?rest_route=%2Fwp%2Fv2%2Fmedia&parent=7"}],"curies":[{"name":"wp","href":"https:\/\/api.w.org\/{rel}","templated":true}]}}