{"id":9,"date":"2013-06-04T14:54:34","date_gmt":"2013-06-04T11:54:34","guid":{"rendered":"http:\/\/www.savitaipaleenkukkajahautaus.fi\/fi\/?page_id=9"},"modified":"2017-01-10T20:26:22","modified_gmt":"2017-01-10T18:26:22","slug":"kukkasidonnat","status":"publish","type":"page","link":"http:\/\/www.savitaipaleenkukkajahautaus.fi\/fi\/?page_id=9","title":{"rendered":"Kukkasidonnat"},"content":{"rendered":"<div>Sidomme kukkakoristeita erilaisiin tilaisuuksiin: h\u00e4\u00e4t, kihlajaiset, kastajaiset, valmistujaiset, syntym\u00e4p\u00e4iv\u00e4t, tilakoristelut, kukat suruun. Sidomme kukat toiveittenne mukaan.<\/div>\n<div><\/div>\n<div>\u00a0Pyyd\u00e4 tarjousta.<\/p>\n<\/div>\n<div><\/div>\n<div><\/div>\n","protected":false},"excerpt":{"rendered":"<p>Sidomme kukkakoristeita erilaisiin tilaisuuksiin: h\u00e4\u00e4t, kihlajaiset, kastajaiset, valmistujaiset, syntym\u00e4p\u00e4iv\u00e4t, tilakoristelut, kukat suruun. Sidomme kukat toiveittenne mukaan. \u00a0Pyyd\u00e4 tarjousta.<\/p>\n","protected":false},"author":1,"featured_media":0,"parent":0,"menu_order":2,"comment_status":"closed","ping_status":"closed","template":"","meta":[],"_links":{"self":[{"href":"http:\/\/www.savitaipaleenkukkajahautaus.fi\/fi\/index.php?rest_route=\/wp\/v2\/pages\/9"}],"collection":[{"href":"http:\/\/www.savitaipaleenkukkajahautaus.fi\/fi\/index.php?rest_route=\/wp\/v2\/pages"}],"about":[{"href":"http:\/\/www.savitaipaleenkukkajahautaus.fi\/fi\/index.php?rest_route=\/wp\/v2\/types\/page"}],"author":[{"embeddable":true,"href":"http:\/\/www.savitaipaleenkukkajahautaus.fi\/fi\/index.php?rest_route=\/wp\/v2\/users\/1"}],"replies":[{"embeddable":true,"href":"http:\/\/www.savitaipaleenkukkajahautaus.fi\/fi\/index.php?rest_route=%2Fwp%2Fv2%2Fcomments&post=9"}],"version-history":[{"count":12,"href":"http:\/\/www.savitaipaleenkukkajahautaus.fi\/fi\/index.php?rest_route=\/wp\/v2\/pages\/9\/revisions"}],"predecessor-version":[{"id":280,"href":"http:\/\/www.savitaipaleenkukkajahautaus.fi\/fi\/index.php?rest_route=\/wp\/v2\/pages\/9\/revisions\/280"}],"wp:attachment":[{"href":"http:\/\/www.savitaipaleenkukkajahautaus.fi\/fi\/index.php?rest_route=%2Fwp%2Fv2%2Fmedia&parent=9"}],"curies":[{"name":"wp","href":"https:\/\/api.w.org\/{rel}","templated":true}]}}